{"id":167,"date":"2024-07-26T16:44:05","date_gmt":"2024-07-26T16:44:05","guid":{"rendered":"https:\/\/cuevapuravida.es\/?page_id=167"},"modified":"2024-08-19T20:49:42","modified_gmt":"2024-08-19T18:49:42","slug":"contact","status":"publish","type":"page","link":"http:\/\/cuevapuravida.es\/es\/contact\/","title":{"rendered":"Contacto"},"content":{"rendered":"<p>[et_pb_section fb_built=&#8221;1&#8243; admin_label=&#8221;Hero&#8221; _builder_version=&#8221;4.25.0&#8243; _module_preset=&#8221;default&#8221; background_color=&#8221;gcid-secondary-color&#8221; use_background_color_gradient=&#8221;on&#8221; background_color_gradient_stops=&#8221;rgba(0,0,0,0.29) 0%|rgba(255,255,255,0) 100%&#8221; background_color_gradient_overlays_image=&#8221;on&#8221; background_color_gradient_start=&#8221;rgba(0,0,0,0.5)&#8221; background_color_gradient_end=&#8221;rgba(0,0,0,0.75)&#8221; background_enable_image=&#8221;off&#8221; background_enable_mask_style=&#8221;on&#8221; background_mask_style=&#8221;corner-square&#8221; custom_padding=&#8221;0vw||0vw||false|false&#8221; locked=&#8221;off&#8221; collapsed=&#8221;on&#8221; global_colors_info=&#8221;{%22gcid-secondary-color%22:%91%22background_color%22%93}&#8221;][et_pb_row column_structure=&#8221;1_2,1_2&#8243; _builder_version=&#8221;4.24.2&#8243; _module_preset=&#8221;5138c454-be54-4233-bd3b-f8e6a8747976&#8243; locked=&#8221;off&#8221; global_colors_info=&#8221;{}&#8221;][et_pb_column type=&#8221;1_2&#8243; _builder_version=&#8221;4.23.1&#8243; _module_preset=&#8221;73121f80-a3ef-4484-8763-c3f18e3c56d2&#8243; global_colors_info=&#8221;{}&#8221;][et_pb_heading title=&#8221;Ontdek de Rust van Cueva Pura Vida&#8221; _builder_version=&#8221;4.24.2&#8243; _module_preset=&#8221;f0c675ea-2574-4d0e-b725-30f8550a8550&#8243; title_text_color=&#8221;gcid-primary-color&#8221; locked=&#8221;off&#8221; global_colors_info=&#8221;{%22gcid-primary-color%22:%91%22title_text_color%22%93}&#8221;][\/et_pb_heading][et_pb_heading title=&#8221;Een Unieke Ervaring in Pulpite&#8221; _builder_version=&#8221;4.24.2&#8243; _module_preset=&#8221;ddeb8c09-9078-4424-bc15-2efb6572e28e&#8221; locked=&#8221;off&#8221; global_colors_info=&#8221;{}&#8221;][\/et_pb_heading][et_pb_text _builder_version=&#8221;4.24.2&#8243; _module_preset=&#8221;2c55a9c4-feed-423b-9edb-ae0b5b365cac&#8221; locked=&#8221;off&#8221; global_colors_info=&#8221;{}&#8221;]<\/p>\n<p>Disfrute del entorno sereno y la belleza natural de nuestra casa cueva rural, perfecta para unas vacaciones relajantes.<\/p>\n<p>[\/et_pb_text][\/et_pb_column][et_pb_column type=&#8221;1_2&#8243; _builder_version=&#8221;4.23.1&#8243; _module_preset=&#8221;73121f80-a3ef-4484-8763-c3f18e3c56d2&#8243; global_colors_info=&#8221;{}&#8221;][et_pb_image src=&#8221;https:\/\/cuevapuravida.es\/wp-content\/uploads\/2024\/07\/IMG_6887-Border.jpg&#8221; title_text=&#8221;IMG_6887-Border&#8221; _builder_version=&#8221;4.27.0&#8243; _module_preset=&#8221;1cc6152f-565c-4c4d-b0c9-cf8c9576c341&#8243; box_shadow_style=&#8221;preset4&#8243; box_shadow_horizontal=&#8221;0px&#8221; box_shadow_vertical=&#8221;24px&#8221; box_shadow_blur=&#8221;72px&#8221; box_shadow_spread=&#8221;-12px&#8221; locked=&#8221;off&#8221; global_colors_info=&#8221;{}&#8221;][\/et_pb_image][\/et_pb_column][\/et_pb_row][\/et_pb_section][et_pb_section fb_built=&#8221;1&#8243; admin_label=&#8221;Text &#038; Image&#8221; _builder_version=&#8221;4.16&#8243; _module_preset=&#8221;default&#8221; locked=&#8221;off&#8221; collapsed=&#8221;on&#8221; global_colors_info=&#8221;{}&#8221; custom_padding=&#8221;0px|||||&#8221;][et_pb_row column_structure=&#8221;1_2,1_2&#8243; _builder_version=&#8221;4.23.1&#8243; _module_preset=&#8221;5138c454-be54-4233-bd3b-f8e6a8747976&#8243; global_colors_info=&#8221;{}&#8221; custom_margin=&#8221;-5px|auto||auto||&#8221; custom_padding=&#8221;0px|||||&#8221;][et_pb_column type=&#8221;1_2&#8243; _builder_version=&#8221;4.16&#8243; _module_preset=&#8221;73121f80-a3ef-4484-8763-c3f18e3c56d2&#8243; global_colors_info=&#8221;{}&#8221;][et_pb_image src=&#8221;https:\/\/cuevapuravida.es\/wp-content\/uploads\/2024\/07\/IMG_6957-Border.jpg&#8221; title_text=&#8221;IMG_6957-Border&#8221; _builder_version=&#8221;4.27.0&#8243; _module_preset=&#8221;6ed8fd5c-62c5-4100-98c3-7b8b6d2c2ee6&#8243; custom_margin=&#8221;-4px||||false|false&#8221; global_colors_info=&#8221;{}&#8221; custom_padding=&#8221;64px|||||&#8221;][\/et_pb_image][\/et_pb_column][et_pb_column type=&#8221;1_2&#8243; _builder_version=&#8221;4.23.1&#8243; _module_preset=&#8221;73121f80-a3ef-4484-8763-c3f18e3c56d2&#8243; custom_padding=&#8221;80px||||false|false&#8221; custom_padding_tablet=&#8221;0px||||false|false&#8221; custom_padding_phone=&#8221;0px||||false|false&#8221; custom_padding_last_edited=&#8221;on|tablet&#8221; global_colors_info=&#8221;{}&#8221;][et_pb_heading title=&#8221;Een Oase van Rust en Comfort&#8221; _builder_version=&#8221;4.24.3&#8243; _module_preset=&#8221;c33f07d9-41e0-421a-8799-5799df695cce&#8221; locked=&#8221;off&#8221; global_colors_info=&#8221;{}&#8221;][\/et_pb_heading][et_pb_text _builder_version=&#8221;4.24.3&#8243; _module_preset=&#8221;2c55a9c4-feed-423b-9edb-ae0b5b365cac&#8221; locked=&#8221;off&#8221; global_colors_info=&#8221;{%22gcid-36fd78a7-34bc-404d-873c-dafa34efaae5%22:%91%22icon_color%22,%22icon_color%22%93}&#8221; body_font_size_tablet=&#8221;15px&#8221; body_font_size_phone=&#8221;14px&#8221; body_font_size_last_edited=&#8221;on|desktop&#8221;]<\/p>\n<p>Nuestra casa cueva ofrece una temperatura constante de 18\u00b0C \u200b\u200ba 20\u00b0C, lo que garantiza un calor agradable en invierno y un ambiente fresco en verano. Situada en la tranquila localidad de P\u00falpite (C\u00fallar \u2013 Granada), rodeada de preciosos embalses, parques naturales y extensas huertas de olivos y almendros. Un lugar ideal para relajarse y disfrutar de la naturaleza.<\/p>\n<p>[\/et_pb_text][\/et_pb_column][\/et_pb_row][\/et_pb_section][et_pb_section fb_built=&#8221;1&#8243; admin_label=&#8221;Contact&#8221; _builder_version=&#8221;4.24.3&#8243; _module_preset=&#8221;default&#8221; background_enable_color=&#8221;off&#8221; use_background_color_gradient=&#8221;on&#8221; background_color_gradient_direction=&#8221;90deg&#8221; background_color_gradient_stops=&#8221;gcid-primary-color 56%|#ffffff 56%&#8221; background_color_gradient_start=&#8221;gcid-36fd78a7-34bc-404d-873c-dafa34efaae5&#8243; background_color_gradient_start_position=&#8221;50%&#8221; background_color_gradient_end=&#8221;#ffffff&#8221; background_color_gradient_end_position=&#8221;50%&#8221; background_last_edited=&#8221;on|tablet&#8221; use_background_color_gradient_tablet=&#8221;on&#8221; background_color_gradient_direction_tablet=&#8221;180deg&#8221; background_color_gradient_stops_tablet=&#8221;gcid-36fd78a7-34bc-404d-873c-dafa34efaae5 70%|#ffffff 70%&#8221; locked=&#8221;off&#8221; collapsed=&#8221;on&#8221; global_colors_info=&#8221;{%22gcid-7cadd8b3-5228-48e4-90c4-212d09232f7b%22:%91%22background_color%22,%22background_color%22,%22background_color%22,%22background_color%22,%22background_color%22,%22background_color%22,%22background_color%22,%22background_color%22,%22background_color%22,%22background_color%22,%22background_color%22,%22background_color%22,%22background_color%22,%22background_color%22,%22background_color%22,%22background_color%22,%22background_color%22,%22background_color%22%93,%22gcid-36fd78a7-34bc-404d-873c-dafa34efaae5%22:%91%22colorStart%22,%22colorStart%22,%22colorStart%22,%22colorStart%22,%22colorStart%22,%22colorStart%22,%22colorStart%22,%22colorStart%22,%22colorStart%22%93,%22gcid-828accbb-1ed2-407d-95be-20ab4e191566%22:%91%22background_color_gradient_stops%22%93,%22gcid-primary-color%22:%91%22background_color_gradient_stops%22%93}&#8221; custom_padding=&#8221;0px||0px|||&#8221;][et_pb_row column_structure=&#8221;1_2,1_2&#8243; _builder_version=&#8221;4.24.3&#8243; _module_preset=&#8221;5138c454-be54-4233-bd3b-f8e6a8747976&#8243; locked=&#8221;off&#8221; global_colors_info=&#8221;{}&#8221;][et_pb_column type=&#8221;1_2&#8243; _builder_version=&#8221;4.16&#8243; _module_preset=&#8221;73121f80-a3ef-4484-8763-c3f18e3c56d2&#8243; global_colors_info=&#8221;{}&#8221;][et_pb_heading title=&#8221;Neem Contact met Ons Op&#8221; _builder_version=&#8221;4.27.0&#8243; _module_preset=&#8221;c33f07d9-41e0-421a-8799-5799df695cce&#8221; title_level=&#8221;h1&#8243; title_text_color=&#8221;#FFFFFF&#8221; title_font_size=&#8221;40px&#8221; locked=&#8221;off&#8221; global_colors_info=&#8221;{}&#8221;][\/et_pb_heading][et_pb_blurb title=&#8221;Adres&#8221; use_icon=&#8221;on&#8221; font_icon=&#8221;&#xf3c5;||fa||900&#8243; module_class=&#8221;ai_ignore_all&#8221; _builder_version=&#8221;4.27.0&#8243; _module_preset=&#8221;1d431978-603a-4044-b96b-3cc1d9396512&#8243; locked=&#8221;off&#8221; global_colors_info=&#8221;{}&#8221; image_icon_background_color__hover_enabled=&#8221;off|desktop&#8221;]<\/p>\n<p>Cueva Pura Vida<br \/>Aldea de Pulpite 46<br \/>18859 C\u00fallar<\/p>\n<p>Tel: +34-958-190693<\/p>\n<p><a href=\"https:\/\/maps.app.goo.gl\/sBp7Ty2w27zdFH8P9\" target=\"_blank\" rel=\"noopener\" title=\"maps\"><span>coord: 37.57621231111778, -2.5276739794217638<\/span><\/a><\/p>\n<p>[\/et_pb_blurb][\/et_pb_column][et_pb_column type=&#8221;1_2&#8243; _builder_version=&#8221;4.24.3&#8243; _module_preset=&#8221;50607da8-57bc-4d4b-aaef-f02e41c2cc4a&#8221; global_colors_info=&#8221;{}&#8221;][et_pb_image src=&#8221;https:\/\/cuevapuravida.es\/wp-content\/uploads\/2024\/07\/Schermafbeelding-2024-07-30-153716.png&#8221; title_text=&#8221;Schermafbeelding 2024-07-30 153716&#8243; url=&#8221;https:\/\/maps.app.goo.gl\/sBp7Ty2w27zdFH8P9&#8243; url_new_window=&#8221;on&#8221; _builder_version=&#8221;4.27.0&#8243; _module_preset=&#8221;default&#8221; global_colors_info=&#8221;{}&#8221;][\/et_pb_image][\/et_pb_column][\/et_pb_row][\/et_pb_section][et_pb_section fb_built=&#8221;1&#8243; _builder_version=&#8221;4.27.0&#8243; _module_preset=&#8221;default&#8221; background_color=&#8221;#75001f&#8221; custom_padding=&#8221;||0px|||&#8221; global_colors_info=&#8221;{}&#8221;][et_pb_row _builder_version=&#8221;4.27.0&#8243; _module_preset=&#8221;default&#8221; custom_margin=&#8221;-55px|auto||auto||&#8221; global_colors_info=&#8221;{}&#8221;][et_pb_column type=&#8221;4_4&#8243; _builder_version=&#8221;4.27.0&#8243; _module_preset=&#8221;default&#8221; global_colors_info=&#8221;{}&#8221;][wpforms_selector form_id=&#8221;500&#8243; show_title=&#8221;on&#8221; _builder_version=&#8221;4.27.0&#8243; _module_preset=&#8221;default&#8221; global_colors_info=&#8221;{}&#8221;][\/wpforms_selector][\/et_pb_column][\/et_pb_row][\/et_pb_section][et_pb_section fb_built=&#8221;1&#8243; admin_label=&#8221;Call to Action&#8221; _builder_version=&#8221;4.27.0&#8243; _module_preset=&#8221;default&#8221; background_enable_color=&#8221;off&#8221; use_background_color_gradient=&#8221;on&#8221; background_color_gradient_stops=&#8221;rgba(0,0,0,0.5) 0%|rgba(0,0,0,0.5) 100%&#8221; background_color_gradient_overlays_image=&#8221;on&#8221; background_image=&#8221;https:\/\/cuevapuravida.es\/wp-content\/uploads\/2024\/07\/IMG_6953-Border.jpg&#8221; custom_padding=&#8221;0vw||0vw||true|false&#8221; locked=&#8221;off&#8221; collapsed=&#8221;on&#8221; global_colors_info=&#8221;{%22gcid-36fd78a7-34bc-404d-873c-dafa34efaae5%22:%91%22background_color%22%93}&#8221;][et_pb_row _builder_version=&#8221;4.18.0&#8243; _module_preset=&#8221;5138c454-be54-4233-bd3b-f8e6a8747976&#8243; global_colors_info=&#8221;{}&#8221;][et_pb_column type=&#8221;4_4&#8243; _builder_version=&#8221;4.18.0&#8243; _module_preset=&#8221;73121f80-a3ef-4484-8763-c3f18e3c56d2&#8243; global_colors_info=&#8221;{}&#8221;][et_pb_cta title=&#8221;Boek Uw Verblijf Vandaag Nog&#8221; button_url=&#8221;https:\/\/www.booking.com\/Share-iJq06Ws&#8221; url_new_window=&#8221;on&#8221; button_text=&#8221;Nu Boeken&#8221; _builder_version=&#8221;4.27.0&#8243; _module_preset=&#8221;4c2ad5d0-871e-414e-a4be-aa9134d4ae8e&#8221; background_color=&#8221;rgba(255,255,255,0.75)&#8221; custom_padding=&#8221;60px|60px|60px|60px|true|true&#8221; custom_padding_tablet=&#8221;30px|30px|30px|30px|true|true&#8221; custom_padding_phone=&#8221;20px|20px|20px|20px|true|true&#8221; custom_padding_last_edited=&#8221;on|desktop&#8221; locked=&#8221;off&#8221; global_colors_info=&#8221;{%22gcid-f2943306-fa6c-45f0-b632-5fc00151366a%22:%91%22button_text_color%22%93,%22gcid-36fd78a7-34bc-404d-873c-dafa34efaae5%22:%91%22button_text_color%22,%22color%22,%22background_color%22%93,%22gcid-7cadd8b3-5228-48e4-90c4-212d09232f7b%22:%91%22color%22,%22color%22,%22color%22,%22color%22%93,%22gcid-f113ad93-2527-46d7-862b-fc71181c6b5e%22:%91%22border_color_all%22,%22border_color_all%22%93}&#8221; text_font_size_tablet=&#8221;16px&#8221; text_font_size_phone=&#8221;14px&#8221; text_font_size_last_edited=&#8221;on|phone&#8221;]<\/p>\n<p>Vive una experiencia \u00fanica en nuestra hermosa casa cueva. Cont\u00e1ctenos hoy para obtener m\u00e1s informaci\u00f3n o reservar su estad\u00eda. Disfrute de la paz, la naturaleza y las m\u00faltiples actividades que la regi\u00f3n tiene para ofrecer. \u00a1No esperes m\u00e1s y planifica unas vacaciones inolvidables en Cueva Pura Vida!<\/p>\n<p>[\/et_pb_cta][\/et_pb_column][\/et_pb_row][\/et_pb_section]<\/p>","protected":false},"excerpt":{"rendered":"<p>Geniet van de serene omgeving en de natuurlijke schoonheid van onze landelijke grotwoning, perfect voor een ontspannen vakantie.Onze grotwoning biedt een constante temperatuur van 18\u00b0C tot 20\u00b0C, wat zorgt voor een aangename warmte in de winter en een koele omgeving in de zomer. Gelegen in het rustige Pulpite (C\u00fallar &#8211; Granada), omringd door prachtige stuwmeren, [&hellip;]<\/p>","protected":false},"author":1,"featured_media":0,"parent":0,"menu_order":0,"comment_status":"closed","ping_status":"closed","template":"","meta":{"_et_pb_use_builder":"on","_et_pb_old_content":"","_et_gb_content_width":"","footnotes":""},"class_list":["post-167","page","type-page","status-publish","hentry"],"_links":{"self":[{"href":"http:\/\/cuevapuravida.es\/es\/wp-json\/wp\/v2\/pages\/167","targetHints":{"allow":["GET"]}}],"collection":[{"href":"http:\/\/cuevapuravida.es\/es\/wp-json\/wp\/v2\/pages"}],"about":[{"href":"http:\/\/cuevapuravida.es\/es\/wp-json\/wp\/v2\/types\/page"}],"author":[{"embeddable":true,"href":"http:\/\/cuevapuravida.es\/es\/wp-json\/wp\/v2\/users\/1"}],"replies":[{"embeddable":true,"href":"http:\/\/cuevapuravida.es\/es\/wp-json\/wp\/v2\/comments?post=167"}],"version-history":[{"count":13,"href":"http:\/\/cuevapuravida.es\/es\/wp-json\/wp\/v2\/pages\/167\/revisions"}],"predecessor-version":[{"id":510,"href":"http:\/\/cuevapuravida.es\/es\/wp-json\/wp\/v2\/pages\/167\/revisions\/510"}],"wp:attachment":[{"href":"http:\/\/cuevapuravida.es\/es\/wp-json\/wp\/v2\/media?parent=167"}],"curies":[{"name":"wp","href":"https:\/\/api.w.org\/{rel}","templated":true}]}}